{"id":1557,"date":"2017-03-07T09:17:11","date_gmt":"2017-03-07T08:17:11","guid":{"rendered":"https:\/\/nas.loo-archief.nl\/wp\/?page_id=1557\/"},"modified":"2017-03-07T09:17:11","modified_gmt":"2017-03-07T08:17:11","slug":"kaufen-oder-leihen","status":"publish","type":"page","link":"https:\/\/www.loo-archief.nl\/de\/kaufen-oder-leihen\/","title":{"rendered":"Kaufen oder leihen"},"content":{"rendered":"<h3>Kaufen<\/h3>\n<p>Auf dieser Seite k\u00f6nnen Sie Artikel bestellen, die die Stiftung zum Kauf anbietet. Die Artikel sind nur eingeschr\u00e4nkt lieferbar, es kann passieren, dass sie ausverkauft sind. Wir kontaktieren Sie immer per Mail zwecks Versand. Ab und zu bieten wir auf dieser Seite neue Artikel an, das melden wir dann auf der Startseite.<\/p>\n<h4>Die Stecke B\u00fccher<img loading=\"lazy\" decoding=\"async\" class=\"wp-image-1019 size-medium alignright\" src=\"https:\/\/www.loo-archief.nl\/wp-content\/uploads\/2017\/01\/Steckeboek-deel-1-5A_000001-e1487239188254-209x300.jpg\" width=\"209\" height=\"300\" srcset=\"https:\/\/www.loo-archief.nl\/wp-content\/uploads\/2017\/01\/Steckeboek-deel-1-5A_000001-e1487239188254-209x300.jpg 209w, https:\/\/www.loo-archief.nl\/wp-content\/uploads\/2017\/01\/Steckeboek-deel-1-5A_000001-e1487239188254-768x1101.jpg 768w, https:\/\/www.loo-archief.nl\/wp-content\/uploads\/2017\/01\/Steckeboek-deel-1-5A_000001-e1487239188254-714x1024.jpg 714w, https:\/\/www.loo-archief.nl\/wp-content\/uploads\/2017\/01\/Steckeboek-deel-1-5A_000001-e1487239188254.jpg 1968w\" sizes=\"auto, (max-width: 209px) 100vw, 209px\" \/><\/h4>\n<p>Hadewych Stecke war die Ehefrau von Wessel vamme Loe, Stammvater unserer Familie. Im 1. Teil (Schriftenreihe des Kreises Kleve 5A) wird die Familie Stecke beschrieben. Im 2. Teil (Schriftenreihe des Kreises Kleve 5B) finden Sie Transkriptionen von wichtigen Dokumenten und Urkunden.<\/p>\n<p>Volumen 5 von Schriftenreihe des Kreises Kleve; 397 Seiten.<\/p>\n<p>Verfasser Joost van der Loo, zusammen mit Eike Pies. Verleger Kreisarchiv Kleve.<\/p>\n<p>Preis f\u00fcr die zwei Ausgaben: \u20ac 25,- excl. Versand<\/p>\n<h4>B\u00fccherstutzen mit Loo-Wappen<\/h4>\n<p><img loading=\"lazy\" decoding=\"async\" class=\"size-medium wp-image-1059 alignleft\" src=\"https:\/\/www.loo-archief.nl\/wp-content\/uploads\/2017\/01\/2017-02-16-PHOTO-00000033-002-300x225.jpg\" alt=\"\" width=\"300\" height=\"225\" srcset=\"https:\/\/www.loo-archief.nl\/wp-content\/uploads\/2017\/01\/2017-02-16-PHOTO-00000033-002-300x225.jpg 300w, https:\/\/www.loo-archief.nl\/wp-content\/uploads\/2017\/01\/2017-02-16-PHOTO-00000033-002-768x576.jpg 768w, https:\/\/www.loo-archief.nl\/wp-content\/uploads\/2017\/01\/2017-02-16-PHOTO-00000033-002-1024x768.jpg 1024w, https:\/\/www.loo-archief.nl\/wp-content\/uploads\/2017\/01\/2017-02-16-PHOTO-00000033-002.jpg 1600w\" sizes=\"auto, (max-width: 300px) 100vw, 300px\" \/><\/p>\n<p>Die Stutzen sind ausgef\u00fchrt in schwerem, geb\u00fcrstetem Stahl, die Abmessungen sind: 13x12x12 cm. Die B\u00fccherstutzen werden per Paar angeboten, das Paar kostet \u20ac 25,- excl. Versand.<\/p>\n<p>Von diesem Betrag ist ein Teil f\u00fcr die Restaurierung der Kapelle in Schloss Wissen.<\/p>\n<p>!<\/p>\n<h4><\/h4>\n<h4><\/h4>\n<h4>Fliese, abgebildet ist der Roepaen in Ottersum.<\/h4>\n<p>Diese sch\u00f6ne Fliese wurde gefertigt von Wim van de Loo in Eindhoven.<img loading=\"lazy\" decoding=\"async\" class=\" wp-image-1089 alignright\" src=\"https:\/\/www.loo-archief.nl\/wp-content\/uploads\/2017\/01\/IMG_0957-300x225.jpg\" alt=\"\" width=\"380\" height=\"285\" srcset=\"https:\/\/www.loo-archief.nl\/wp-content\/uploads\/2017\/01\/IMG_0957-300x225.jpg 300w, https:\/\/www.loo-archief.nl\/wp-content\/uploads\/2017\/01\/IMG_0957-768x576.jpg 768w, https:\/\/www.loo-archief.nl\/wp-content\/uploads\/2017\/01\/IMG_0957-1024x768.jpg 1024w\" sizes=\"auto, (max-width: 380px) 100vw, 380px\" \/><\/p>\n<p>Es gibt noch ein paar Exemplare.<br \/>\nKosten: \u20ac 10,- excl. Versand<\/p>\n<h3><\/h3>\n<h3>Ausborgen<\/h3>\n<h4>Familienportr\u00e4ts Louis van de Loo und Maria Goossens<\/h4>\n<h4><img loading=\"lazy\" decoding=\"async\" class=\"alignnone size-medium wp-image-1025\" style=\"font-family: inherit; font-style: inherit; font-weight: inherit;\" src=\"https:\/\/www.loo-archief.nl\/wp-content\/uploads\/2017\/01\/LouisvandeLoo-264x300.png\" alt=\"\" width=\"264\" height=\"300\" srcset=\"https:\/\/www.loo-archief.nl\/wp-content\/uploads\/2017\/01\/LouisvandeLoo-264x300.png 264w, https:\/\/www.loo-archief.nl\/wp-content\/uploads\/2017\/01\/LouisvandeLoo-768x874.png 768w, https:\/\/www.loo-archief.nl\/wp-content\/uploads\/2017\/01\/LouisvandeLoo-900x1024.png 900w, https:\/\/www.loo-archief.nl\/wp-content\/uploads\/2017\/01\/LouisvandeLoo.png 1121w\" sizes=\"auto, (max-width: 264px) 100vw, 264px\" \/> <img loading=\"lazy\" decoding=\"async\" class=\"alignnone size-medium wp-image-1028\" style=\"font-family: inherit; font-style: inherit; font-weight: inherit;\" src=\"https:\/\/www.loo-archief.nl\/wp-content\/uploads\/2017\/01\/MariaGoossens-258x300.png\" alt=\"\" width=\"258\" height=\"300\" srcset=\"https:\/\/www.loo-archief.nl\/wp-content\/uploads\/2017\/01\/MariaGoossens-258x300.png 258w, https:\/\/www.loo-archief.nl\/wp-content\/uploads\/2017\/01\/MariaGoossens-768x894.png 768w, https:\/\/www.loo-archief.nl\/wp-content\/uploads\/2017\/01\/MariaGoossens-879x1024.png 879w, https:\/\/www.loo-archief.nl\/wp-content\/uploads\/2017\/01\/MariaGoossens.png 1087w\" sizes=\"auto, (max-width: 258px) 100vw, 258px\" \/><\/h4>\n<p>Die Stiftung Loo- Archiv erhielt unl\u00e4ngst eine besondere Leihgabe: zwei prachtvolle\u00a0 Familienportr\u00e4ts aus dem Jahr 1902. Das eine Bild zeigt Louis M.J.H. van de Loo ( 1846-1906). Er war ein Mitglied der Firma Jos van de Loo (Metallhandel) in Venlo und ebenfalls Mitglied im Gemeinderat. Seine Ehefrau ist abgebildet auf dem anderen Portr\u00e4t: Maria L.H. Goossens ( 1856 \u2013 1937).<br \/>\nDie \u00d6lbilder wurden gemalt vom Maler Heinrich Windhausen ( 1857- 1920), signiert und mit Jahreszahl. Die Rahmen mitgerechnet sind die Abmessungen: 77,5 x 90 cm.<\/p>\n<p>Falls Sie diese Portr\u00e4ts gerne leihweise erhalten w\u00fcrden, senden Sie bitte eine Mail an: secretaris@loo-archief.nl<\/p>\n<h4>Jahrb\u00fccher vom C.B.G. ( Centraal Bureau Genealogie)<\/h4>\n<p>Aus der Periode 1960-2013. 5 Ausgaben f\u00fcr \u20ac 25,-; 10 f\u00fcr \u20ac 40,-<\/p>\n<h4>\u00a0B\u00fccher und Zeitschriften<\/h4>\n<p>Im Archiv in Hilversum haben wir viele B\u00fccher und Zeitschriften \u00fcber die Familiengeschichte. Falls Sie ein bestimmtes Buch oder Zeitschrift suchen, kontaktieren Sie per Mail: voorzitter@loo-archief.nl<\/p>\n","protected":false},"excerpt":{"rendered":"Kaufen Auf dieser Seite k\u00f6nnen Sie Artikel bestellen, die die Stiftung zum Kauf anbietet. Die Artikel sind nur eingeschr\u00e4nkt lieferbar, es kann passieren, \n<a class=\"moretag\" href=\"https:\/\/www.loo-archief.nl\/de\/kaufen-oder-leihen\/\"> [...]<\/a>","protected":false},"author":1,"featured_media":0,"parent":0,"menu_order":0,"comment_status":"closed","ping_status":"closed","template":"","meta":{"footnotes":""},"class_list":["post-1557","page","type-page","status-publish","hentry"],"_links":{"self":[{"href":"https:\/\/www.loo-archief.nl\/de\/wp-json\/wp\/v2\/pages\/1557","targetHints":{"allow":["GET"]}}],"collection":[{"href":"https:\/\/www.loo-archief.nl\/de\/wp-json\/wp\/v2\/pages"}],"about":[{"href":"https:\/\/www.loo-archief.nl\/de\/wp-json\/wp\/v2\/types\/page"}],"author":[{"embeddable":true,"href":"https:\/\/www.loo-archief.nl\/de\/wp-json\/wp\/v2\/users\/1"}],"replies":[{"embeddable":true,"href":"https:\/\/www.loo-archief.nl\/de\/wp-json\/wp\/v2\/comments?post=1557"}],"version-history":[{"count":1,"href":"https:\/\/www.loo-archief.nl\/de\/wp-json\/wp\/v2\/pages\/1557\/revisions"}],"predecessor-version":[{"id":1558,"href":"https:\/\/www.loo-archief.nl\/de\/wp-json\/wp\/v2\/pages\/1557\/revisions\/1558"}],"wp:attachment":[{"href":"https:\/\/www.loo-archief.nl\/de\/wp-json\/wp\/v2\/media?parent=1557"}],"curies":[{"name":"wp","href":"https:\/\/api.w.org\/{rel}","templated":true}]}}