{"id":1704,"date":"2019-11-18T09:30:48","date_gmt":"2019-11-18T08:30:48","guid":{"rendered":"https:\/\/nas.loo-archief.nl\/wp\/?page_id=1704\/"},"modified":"2022-04-02T21:45:02","modified_gmt":"2022-04-02T19:45:02","slug":"chroniken-downloaden","status":"publish","type":"page","link":"https:\/\/www.loo-archief.nl\/de\/chroniken-downloaden\/","title":{"rendered":"Chroniken downloaden"},"content":{"rendered":"<p>Die spezielle Loo-Chronik 68 f\u00fcr die RE\u00dcNION 2022 k\u00f6nnen Sie hier herunterladen.<br \/>\n<a href=\"https:\/\/www.loo-archief.nl\/wp-content\/uploads\/2022\/04\/lookroniek68deelecv11.pdf\">KLICKEN SIE HIER F\u00dcR LOO-KRONIEK 68<\/a><\/p>\n<p>Der Rest dieser Seite ist nur nach Registrierung und Anmeldung zug\u00e4nglich.<br \/>\n<!--more--><\/p>\n\n","protected":false},"excerpt":{"rendered":"Die spezielle Loo-Chronik 68 f\u00fcr die RE\u00dcNION 2022 k\u00f6nnen Sie hier herunterladen. KLICKEN SIE HIER F\u00dcR LOO-KRONIEK 68 Der Rest dieser Seite ist \n<a class=\"moretag\" href=\"https:\/\/www.loo-archief.nl\/de\/chroniken-downloaden\/\"> [...]<\/a>","protected":false},"author":1,"featured_media":0,"parent":0,"menu_order":0,"comment_status":"closed","ping_status":"closed","template":"","meta":{"footnotes":""},"class_list":["post-1704","page","type-page","status-publish","hentry"],"_links":{"self":[{"href":"https:\/\/www.loo-archief.nl\/de\/wp-json\/wp\/v2\/pages\/1704","targetHints":{"allow":["GET"]}}],"collection":[{"href":"https:\/\/www.loo-archief.nl\/de\/wp-json\/wp\/v2\/pages"}],"about":[{"href":"https:\/\/www.loo-archief.nl\/de\/wp-json\/wp\/v2\/types\/page"}],"author":[{"embeddable":true,"href":"https:\/\/www.loo-archief.nl\/de\/wp-json\/wp\/v2\/users\/1"}],"replies":[{"embeddable":true,"href":"https:\/\/www.loo-archief.nl\/de\/wp-json\/wp\/v2\/comments?post=1704"}],"version-history":[{"count":11,"href":"https:\/\/www.loo-archief.nl\/de\/wp-json\/wp\/v2\/pages\/1704\/revisions"}],"predecessor-version":[{"id":2245,"href":"https:\/\/www.loo-archief.nl\/de\/wp-json\/wp\/v2\/pages\/1704\/revisions\/2245"}],"wp:attachment":[{"href":"https:\/\/www.loo-archief.nl\/de\/wp-json\/wp\/v2\/media?parent=1704"}],"curies":[{"name":"wp","href":"https:\/\/api.w.org\/{rel}","templated":true}]}}