{"id":1710,"date":"2017-03-13T12:52:44","date_gmt":"2017-03-13T11:52:44","guid":{"rendered":"https:\/\/nas.loo-archief.nl\/wp\/?page_id=1710\/"},"modified":"2017-03-13T16:32:50","modified_gmt":"2017-03-13T15:32:50","slug":"tagesordnung","status":"publish","type":"page","link":"https:\/\/www.loo-archief.nl\/de\/tagesordnung\/","title":{"rendered":"Tagesordnung"},"content":{"rendered":"<p>Hier folgt eine \u00dcbersicht \u00fcber die Aktivit\u00e4ten in diesem Jahr.<br \/>\nAusf\u00fchrliche Informationen finden Sie auf\u00a0 &lt;<a href=\"\/wp?page_id=1037\">DIESE SEITE<\/a>&gt;<br \/>\n(Ausschliesslich f\u00fcr F\u00f6rderer und registrierte Besucher)<\/p>\n<table style=\"height: 242px;\" width=\"400\">\n<tbody>\n<tr>\n<td width=\"206\">Samstag 18. Februar 2017<\/td>\n<td width=\"305\">Archiv Arbeitstag<\/td>\n<\/tr>\n<tr>\n<td>Samstag 4. M\u00e4rz 2017<\/td>\n<td>Vorstandssitzung<\/td>\n<\/tr>\n<tr>\n<td>April 2017<\/td>\n<td>Herausgabe Loo-Chronik 63<\/td>\n<\/tr>\n<tr>\n<td>Samstag 25. M\u00e4rz 2017<\/td>\n<td>Archiv Arbeitstag<\/td>\n<\/tr>\n<tr>\n<td>Samstag 22. April 2017<\/td>\n<td>Archiv Arbeitstag<\/td>\n<\/tr>\n<tr>\n<td>Samstag 13. Mai 2017<\/td>\n<td>Tag der offenen T\u00fcr, Danktag f\u00fcr freiwillige Mitarbeiter<\/td>\n<\/tr>\n<tr>\n<td>Samstag 24. Juni 2017<\/td>\n<td>Archiv Arbeitstag<\/td>\n<\/tr>\n<\/tbody>\n<\/table>\n<p>&nbsp;<\/p>\n","protected":false},"excerpt":{"rendered":"Hier folgt eine \u00dcbersicht \u00fcber die Aktivit\u00e4ten in diesem Jahr. Ausf\u00fchrliche Informationen finden Sie auf\u00a0 &lt;DIESE SEITE&gt; (Ausschliesslich f\u00fcr F\u00f6rderer und registrierte Besucher) \n<a class=\"moretag\" href=\"https:\/\/www.loo-archief.nl\/de\/tagesordnung\/\"> [...]<\/a>","protected":false},"author":1,"featured_media":0,"parent":0,"menu_order":0,"comment_status":"closed","ping_status":"closed","template":"","meta":{"footnotes":""},"class_list":["post-1710","page","type-page","status-publish","hentry"],"_links":{"self":[{"href":"https:\/\/www.loo-archief.nl\/de\/wp-json\/wp\/v2\/pages\/1710","targetHints":{"allow":["GET"]}}],"collection":[{"href":"https:\/\/www.loo-archief.nl\/de\/wp-json\/wp\/v2\/pages"}],"about":[{"href":"https:\/\/www.loo-archief.nl\/de\/wp-json\/wp\/v2\/types\/page"}],"author":[{"embeddable":true,"href":"https:\/\/www.loo-archief.nl\/de\/wp-json\/wp\/v2\/users\/1"}],"replies":[{"embeddable":true,"href":"https:\/\/www.loo-archief.nl\/de\/wp-json\/wp\/v2\/comments?post=1710"}],"version-history":[{"count":3,"href":"https:\/\/www.loo-archief.nl\/de\/wp-json\/wp\/v2\/pages\/1710\/revisions"}],"predecessor-version":[{"id":1713,"href":"https:\/\/www.loo-archief.nl\/de\/wp-json\/wp\/v2\/pages\/1710\/revisions\/1713"}],"wp:attachment":[{"href":"https:\/\/www.loo-archief.nl\/de\/wp-json\/wp\/v2\/media?parent=1710"}],"curies":[{"name":"wp","href":"https:\/\/api.w.org\/{rel}","templated":true}]}}